{"id":1255,"date":"2023-02-24T13:16:25","date_gmt":"2023-02-24T12:16:25","guid":{"rendered":"https:\/\/golden-roses.hu\/?page_id=1255"},"modified":"2023-03-07T10:11:29","modified_gmt":"2023-03-07T09:11:29","slug":"ueber-uns","status":"publish","type":"page","link":"https:\/\/golden-roses.hu\/de\/ueber-uns\/","title":{"rendered":"\u00dcber Uns"},"content":{"rendered":"<p>Mein Name ist Marianna Incze, die Besitzerin von Maryann&#8217;s Golden Roses Zwinger.<\/p>\n<p>Meine ewige Freundschaft und unendliche Liebe zu Hunden begleitet mich seit meiner Kindheit.<\/p>\n<p>Ich bin davon \u00fcberzeugt, dass ein Mensch selten einen so aufrichtigen und bedingungslos liebevollen Freund hat wie seinen eigenen Hund.<\/p>\n<p>Der BISHON HAVANESE ist ein wahrer treuer Begleiter, ein verspielter, kuscheliger kleiner Teddyb\u00e4r, der nicht nur dem fr\u00f6hlichen, sondern auch dem unruhigen Besitzer immer ein L\u00e4cheln ins Gesicht zaubern kann.<\/p>\n<p>Mit aller Liebe meines Herzens und bestem Fachwissen helfe ich den Welpen und ihren Besitzern ein Leben lang.<\/p>\n<p>Mit den erfolgreichen Ergebnissen nationaler und internationaler Ausstellungen beweisen wir, dass Welpen mit hervorragenden Blutlinien, gesund und mit fantastischem Fell zu ihren neuen Besitzern gehen.<\/p>\n<p>Die Welpen eignen sich auch hervorragend f\u00fcr weitere Zuchtzwecke, sie erzielen viele Erfolge auf nationalen und internationalen Ausstellungen.<\/p>\n<p>Aus meiner Zucht sind in den letzten Jahrzehnten mehrere CHAMPION und INTERCHAMPION zertifizierte Hunde hervorgegangen.<\/p>\n<p>Du kannst immer auf mich z\u00e4hlen, ich bin immer bei dir, in guten wie in schlechten Zeiten! \ud83d\ude0a<\/p>\n<p>&nbsp;<\/p>\n","protected":false},"excerpt":{"rendered":"<p>Mein Name ist Marianna Incze, die Besitzerin von Maryann&#8217;s Golden Roses Zwinger. Meine ewige Freundschaft und unendliche Liebe zu Hunden begleitet mich seit meiner Kindheit. Ich bin davon \u00fcberzeugt, dass ein Mensch selten einen so aufrichtigen und bedingungslos liebevollen Freund hat wie seinen eigenen Hund. Der BISHON HAVANESE ist ein wahrer treuer Begleiter, ein verspielter, <a href=\"https:\/\/golden-roses.hu\/de\/ueber-uns\/\" class=\"more-link\">&#8230;<span class=\"screen-reader-text\">  \u00dcber Uns<\/span><\/a><\/p>\n","protected":false},"author":1,"featured_media":0,"parent":0,"menu_order":0,"comment_status":"closed","ping_status":"closed","template":"","meta":{"footnotes":""},"categories":[],"class_list":["post-1255","page","type-page","status-publish","hentry"],"yoast_head":"<!-- This site is optimized with the Yoast SEO plugin v26.7 - https:\/\/yoast.com\/wordpress\/plugins\/seo\/ -->\n<title>\u00dcber Uns - Golden Roses<\/title>\n<meta name=\"robots\" content=\"index, follow, max-snippet:-1, max-image-preview:large, max-video-preview:-1\" \/>\n<link rel=\"canonical\" href=\"https:\/\/golden-roses.hu\/de\/ueber-uns\/\" \/>\n<meta property=\"og:locale\" content=\"de_DE\" \/>\n<meta property=\"og:type\" content=\"article\" \/>\n<meta property=\"og:title\" content=\"\u00dcber Uns - Golden Roses\" \/>\n<meta property=\"og:description\" content=\"Mein Name ist Marianna Incze, die Besitzerin von Maryann&#8217;s Golden Roses Zwinger. Meine ewige Freundschaft und unendliche Liebe zu Hunden begleitet mich seit meiner Kindheit. Ich bin davon \u00fcberzeugt, dass ein Mensch selten einen so aufrichtigen und bedingungslos liebevollen Freund hat wie seinen eigenen Hund. Der BISHON HAVANESE ist ein wahrer treuer Begleiter, ein verspielter, ... \u00dcber Uns\" \/>\n<meta property=\"og:url\" content=\"https:\/\/golden-roses.hu\/de\/ueber-uns\/\" \/>\n<meta property=\"og:site_name\" content=\"Golden Roses\" \/>\n<meta property=\"article:modified_time\" content=\"2023-03-07T09:11:29+00:00\" \/>\n<meta name=\"twitter:card\" content=\"summary_large_image\" \/>\n<meta name=\"twitter:label1\" content=\"Gesch\u00e4tzte Lesezeit\" \/>\n\t<meta name=\"twitter:data1\" content=\"1\u00a0Minute\" \/>\n<script type=\"application\/ld+json\" class=\"yoast-schema-graph\">{\"@context\":\"https:\/\/schema.org\",\"@graph\":[{\"@type\":\"WebPage\",\"@id\":\"https:\/\/golden-roses.hu\/de\/ueber-uns\/\",\"url\":\"https:\/\/golden-roses.hu\/de\/ueber-uns\/\",\"name\":\"\u00dcber Uns - Golden Roses\",\"isPartOf\":{\"@id\":\"https:\/\/golden-roses.hu\/de\/#website\"},\"datePublished\":\"2023-02-24T12:16:25+00:00\",\"dateModified\":\"2023-03-07T09:11:29+00:00\",\"breadcrumb\":{\"@id\":\"https:\/\/golden-roses.hu\/de\/ueber-uns\/#breadcrumb\"},\"inLanguage\":\"de\",\"potentialAction\":[{\"@type\":\"ReadAction\",\"target\":[\"https:\/\/golden-roses.hu\/de\/ueber-uns\/\"]}]},{\"@type\":\"BreadcrumbList\",\"@id\":\"https:\/\/golden-roses.hu\/de\/ueber-uns\/#breadcrumb\",\"itemListElement\":[{\"@type\":\"ListItem\",\"position\":1,\"name\":\"Home\",\"item\":\"https:\/\/golden-roses.hu\/de\/\"},{\"@type\":\"ListItem\",\"position\":2,\"name\":\"\u00dcber Uns\"}]},{\"@type\":\"WebSite\",\"@id\":\"https:\/\/golden-roses.hu\/de\/#website\",\"url\":\"https:\/\/golden-roses.hu\/de\/\",\"name\":\"Golden Roses\",\"description\":\"\",\"potentialAction\":[{\"@type\":\"SearchAction\",\"target\":{\"@type\":\"EntryPoint\",\"urlTemplate\":\"https:\/\/golden-roses.hu\/de\/?s={search_term_string}\"},\"query-input\":{\"@type\":\"PropertyValueSpecification\",\"valueRequired\":true,\"valueName\":\"search_term_string\"}}],\"inLanguage\":\"de\"}]}<\/script>\n<!-- \/ Yoast SEO plugin. -->","yoast_head_json":{"title":"\u00dcber Uns - Golden Roses","robots":{"index":"index","follow":"follow","max-snippet":"max-snippet:-1","max-image-preview":"max-image-preview:large","max-video-preview":"max-video-preview:-1"},"canonical":"https:\/\/golden-roses.hu\/de\/ueber-uns\/","og_locale":"de_DE","og_type":"article","og_title":"\u00dcber Uns - Golden Roses","og_description":"Mein Name ist Marianna Incze, die Besitzerin von Maryann&#8217;s Golden Roses Zwinger. Meine ewige Freundschaft und unendliche Liebe zu Hunden begleitet mich seit meiner Kindheit. Ich bin davon \u00fcberzeugt, dass ein Mensch selten einen so aufrichtigen und bedingungslos liebevollen Freund hat wie seinen eigenen Hund. Der BISHON HAVANESE ist ein wahrer treuer Begleiter, ein verspielter, ... \u00dcber Uns","og_url":"https:\/\/golden-roses.hu\/de\/ueber-uns\/","og_site_name":"Golden Roses","article_modified_time":"2023-03-07T09:11:29+00:00","twitter_card":"summary_large_image","twitter_misc":{"Gesch\u00e4tzte Lesezeit":"1\u00a0Minute"},"schema":{"@context":"https:\/\/schema.org","@graph":[{"@type":"WebPage","@id":"https:\/\/golden-roses.hu\/de\/ueber-uns\/","url":"https:\/\/golden-roses.hu\/de\/ueber-uns\/","name":"\u00dcber Uns - Golden Roses","isPartOf":{"@id":"https:\/\/golden-roses.hu\/de\/#website"},"datePublished":"2023-02-24T12:16:25+00:00","dateModified":"2023-03-07T09:11:29+00:00","breadcrumb":{"@id":"https:\/\/golden-roses.hu\/de\/ueber-uns\/#breadcrumb"},"inLanguage":"de","potentialAction":[{"@type":"ReadAction","target":["https:\/\/golden-roses.hu\/de\/ueber-uns\/"]}]},{"@type":"BreadcrumbList","@id":"https:\/\/golden-roses.hu\/de\/ueber-uns\/#breadcrumb","itemListElement":[{"@type":"ListItem","position":1,"name":"Home","item":"https:\/\/golden-roses.hu\/de\/"},{"@type":"ListItem","position":2,"name":"\u00dcber Uns"}]},{"@type":"WebSite","@id":"https:\/\/golden-roses.hu\/de\/#website","url":"https:\/\/golden-roses.hu\/de\/","name":"Golden Roses","description":"","potentialAction":[{"@type":"SearchAction","target":{"@type":"EntryPoint","urlTemplate":"https:\/\/golden-roses.hu\/de\/?s={search_term_string}"},"query-input":{"@type":"PropertyValueSpecification","valueRequired":true,"valueName":"search_term_string"}}],"inLanguage":"de"}]}},"_links":{"self":[{"href":"https:\/\/golden-roses.hu\/de\/wp-json\/wp\/v2\/pages\/1255","targetHints":{"allow":["GET"]}}],"collection":[{"href":"https:\/\/golden-roses.hu\/de\/wp-json\/wp\/v2\/pages"}],"about":[{"href":"https:\/\/golden-roses.hu\/de\/wp-json\/wp\/v2\/types\/page"}],"author":[{"embeddable":true,"href":"https:\/\/golden-roses.hu\/de\/wp-json\/wp\/v2\/users\/1"}],"replies":[{"embeddable":true,"href":"https:\/\/golden-roses.hu\/de\/wp-json\/wp\/v2\/comments?post=1255"}],"version-history":[{"count":0,"href":"https:\/\/golden-roses.hu\/de\/wp-json\/wp\/v2\/pages\/1255\/revisions"}],"wp:attachment":[{"href":"https:\/\/golden-roses.hu\/de\/wp-json\/wp\/v2\/media?parent=1255"}],"wp:term":[{"taxonomy":"category","embeddable":true,"href":"https:\/\/golden-roses.hu\/de\/wp-json\/wp\/v2\/categories?post=1255"}],"curies":[{"name":"wp","href":"https:\/\/api.w.org\/{rel}","templated":true}]}}