{"id":1258,"date":"2023-02-24T13:15:48","date_gmt":"2023-02-24T12:15:48","guid":{"rendered":"https:\/\/golden-roses.hu\/kanok\/"},"modified":"2025-10-13T10:14:32","modified_gmt":"2025-10-13T08:14:32","slug":"rude","status":"publish","type":"page","link":"https:\/\/golden-roses.hu\/de\/rude\/","title":{"rendered":"R\u00fcde"},"content":{"rendered":"<h1>Dante Shining Star In The Sky<\/h1>\n<p><strong>Geburtsdatum:<\/strong> 2021 05.30<br \/>\n<strong>Farbe:<\/strong> fekete-feh\u00e9r<br \/>\nPatella 0\/0 , Eyes clear<br \/>\n<strong>Qualifikation:<\/strong> 2x HPJ ,CAC<br \/>\n<a href=\"http:\/\/www.havanesegallery.hu\/pedigree_en.php?id=53158\" target=\"_blank\" rel=\"noopener\">Pedigree<\/a><\/p>\n<hr \/>\n<div class=\"gallery-imgs row\">\n            <div class=\"gallery-item col-sm-6 col-md-4 col-lg-3\">\n                    <a href=\"https:\/\/golden-roses.hu\/files\/received_2268537146870301-1.jpeg\">\n                        <img decoding=\"async\" src=\"https:\/\/golden-roses.hu\/files\/received_2268537146870301-1-380x506.jpeg\" alt=\"\" class=\"img-fluid\">\n                    <\/a>\n            <\/div>\n            <div class=\"gallery-item col-sm-6 col-md-4 col-lg-3\">\n                    <a href=\"https:\/\/golden-roses.hu\/files\/received_686122550285594-1.jpg\">\n                        <img decoding=\"async\" src=\"https:\/\/golden-roses.hu\/files\/received_686122550285594-1-380x506.jpg\" alt=\"\" class=\"img-fluid\">\n                    <\/a>\n            <\/div>\n            <div class=\"gallery-item col-sm-6 col-md-4 col-lg-3\">\n                    <a href=\"https:\/\/golden-roses.hu\/files\/20220928_180150.jpg\">\n                        <img decoding=\"async\" src=\"https:\/\/golden-roses.hu\/files\/20220928_180150-380x506.jpg\" alt=\"Dante Shining Star In The Sky\" class=\"img-fluid\">\n                    <\/a>\n            <\/div>\n            <div class=\"gallery-item col-sm-6 col-md-4 col-lg-3\">\n                    <a href=\"https:\/\/golden-roses.hu\/files\/20220912_100812.jpg\">\n                        <img decoding=\"async\" src=\"https:\/\/golden-roses.hu\/files\/20220912_100812-380x506.jpg\" alt=\"Dante Shining Star In The Sky\" class=\"img-fluid\">\n                    <\/a>\n            <\/div>\n            <div class=\"gallery-item col-sm-6 col-md-4 col-lg-3\">\n                    <a href=\"https:\/\/golden-roses.hu\/files\/20220505_121534.jpg\">\n                        <img decoding=\"async\" src=\"https:\/\/golden-roses.hu\/files\/20220505_121534-380x506.jpg\" alt=\"Dante Shining Star In The Sky\" class=\"img-fluid\">\n                    <\/a>\n            <\/div>\n            <div class=\"gallery-item col-sm-6 col-md-4 col-lg-3\">\n                    <a href=\"https:\/\/golden-roses.hu\/files\/20230303_092026-1500.jpg\">\n                        <img decoding=\"async\" src=\"https:\/\/golden-roses.hu\/files\/20230303_092026-1500-380x506.jpg\" alt=\"\" class=\"img-fluid\">\n                    <\/a>\n            <\/div>\n            <div class=\"gallery-item col-sm-6 col-md-4 col-lg-3\">\n                    <a href=\"https:\/\/golden-roses.hu\/files\/20211215_093549.jpg\">\n                        <img decoding=\"async\" src=\"https:\/\/golden-roses.hu\/files\/20211215_093549-380x506.jpg\" alt=\"Dante Shining Star In The Sky\" class=\"img-fluid\">\n                    <\/a>\n            <\/div>\n            <div class=\"gallery-item col-sm-6 col-md-4 col-lg-3\">\n                    <a href=\"https:\/\/golden-roses.hu\/files\/20220124_180811.jpg\">\n                        <img decoding=\"async\" src=\"https:\/\/golden-roses.hu\/files\/20220124_180811-380x506.jpg\" alt=\"Dante Shining Star In The Sky\" class=\"img-fluid\">\n                    <\/a>\n            <\/div>\n            <div class=\"gallery-item col-sm-6 col-md-4 col-lg-3\">\n                    <a href=\"https:\/\/golden-roses.hu\/files\/20220124_184621.jpg\">\n                        <img decoding=\"async\" src=\"https:\/\/golden-roses.hu\/files\/20220124_184621-380x506.jpg\" alt=\"Dante Shining Star In The Sky\" class=\"img-fluid\">\n                    <\/a>\n            <\/div>\n            <div class=\"gallery-item col-sm-6 col-md-4 col-lg-3\">\n                    <a href=\"https:\/\/golden-roses.hu\/files\/20220124_184836.jpg\">\n                        <img decoding=\"async\" src=\"https:\/\/golden-roses.hu\/files\/20220124_184836-380x506.jpg\" alt=\"Dante Shining Star In The Sky\" class=\"img-fluid\">\n                    <\/a>\n            <\/div>\n            <div class=\"gallery-item col-sm-6 col-md-4 col-lg-3\">\n                    <a href=\"https:\/\/golden-roses.hu\/files\/20220313_092102.jpg\">\n                        <img decoding=\"async\" src=\"https:\/\/golden-roses.hu\/files\/20220313_092102-380x506.jpg\" alt=\"Dante Shining Star In The Sky\" class=\"img-fluid\">\n                    <\/a>\n            <\/div>\n            <div class=\"gallery-item col-sm-6 col-md-4 col-lg-3\">\n                    <a href=\"https:\/\/golden-roses.hu\/files\/20220505_111632-rotated.jpg\">\n                        <img decoding=\"async\" src=\"https:\/\/golden-roses.hu\/files\/20220505_111632-rotated-380x506.jpg\" alt=\"Dante Shining Star In The Sky\" class=\"img-fluid\">\n                    <\/a>\n            <\/div><div class=\"gallery-number\"><span class=\"gallery-link\">ganze Galerie (12 Bilder)<\/span><\/div><\/div>\n<h1>Jo The Funy One Barwuschel (JOYI)<\/h1>\n<p><strong>Sz\u00fclet\u00e9si d\u00e1tum:<\/strong> 2023 01.24.<br \/>\n<strong>Sz\u00edn:<\/strong> Rot-weiss<br \/>\n<strong>Qualifikation:<\/strong> 3x HPJ, HJCH, 5xCAC, 3x Res. CACIB , 2xBOB, 2xBOS<br \/>\n<a href=\"http:\/\/www.havanesegallery.hu\/pedigree.php?id=56000\" target=\"_blank\" rel=\"noopener\">Pedigree<\/a><\/p>\n<hr \/>\n<div class=\"gallery-imgs row\">\n            <div class=\"gallery-item col-sm-6 col-md-4 col-lg-3\">\n                    <a href=\"https:\/\/golden-roses.hu\/files\/20231201_101201.jpg\">\n                        <img decoding=\"async\" src=\"https:\/\/golden-roses.hu\/files\/20231201_101201-380x506.jpg\" alt=\"\" class=\"img-fluid\">\n                    <\/a>\n            <\/div>\n            <div class=\"gallery-item col-sm-6 col-md-4 col-lg-3\">\n                    <a href=\"https:\/\/golden-roses.hu\/files\/20240101_162825.jpg\">\n                        <img decoding=\"async\" src=\"https:\/\/golden-roses.hu\/files\/20240101_162825-380x506.jpg\" alt=\"\" class=\"img-fluid\">\n                    <\/a>\n            <\/div>\n            <div class=\"gallery-item col-sm-6 col-md-4 col-lg-3\">\n                    <a href=\"https:\/\/golden-roses.hu\/files\/20240101_162415.jpg\">\n                        <img decoding=\"async\" src=\"https:\/\/golden-roses.hu\/files\/20240101_162415-380x506.jpg\" alt=\"\" class=\"img-fluid\">\n                    <\/a>\n            <\/div><div class=\"gallery-number\"><span class=\"gallery-link\">ganze Galerie (3 Bilder)<\/span><\/div><\/div>\n<p>&nbsp;<\/p>\n","protected":false},"excerpt":{"rendered":"<p>Dante Shining Star In The Sky Geburtsdatum: 2021 05.30 Farbe: fekete-feh\u00e9r Patella 0\/0 , Eyes clear Qualifikation: 2x HPJ ,CAC Pedigree Jo The Funy One Barwuschel (JOYI) Sz\u00fclet\u00e9si d\u00e1tum: 2023 01.24. Sz\u00edn: Rot-weiss Qualifikation: 3x HPJ, HJCH, 5xCAC, 3x Res. CACIB , 2xBOB, 2xBOS Pedigree &nbsp;<\/p>\n","protected":false},"author":1,"featured_media":0,"parent":0,"menu_order":0,"comment_status":"closed","ping_status":"closed","template":"","meta":{"footnotes":""},"categories":[],"class_list":["post-1258","page","type-page","status-publish","hentry"],"yoast_head":"<!-- This site is optimized with the Yoast SEO plugin v26.7 - https:\/\/yoast.com\/wordpress\/plugins\/seo\/ -->\n<title>R\u00fcde - Golden Roses<\/title>\n<meta name=\"robots\" content=\"index, follow, max-snippet:-1, max-image-preview:large, max-video-preview:-1\" \/>\n<link rel=\"canonical\" href=\"https:\/\/golden-roses.hu\/de\/rude\/\" \/>\n<meta property=\"og:locale\" content=\"de_DE\" \/>\n<meta property=\"og:type\" content=\"article\" \/>\n<meta property=\"og:title\" content=\"R\u00fcde - Golden Roses\" \/>\n<meta property=\"og:description\" content=\"Dante Shining Star In The Sky Geburtsdatum: 2021 05.30 Farbe: fekete-feh\u00e9r Patella 0\/0 , Eyes clear Qualifikation: 2x HPJ ,CAC Pedigree Jo The Funy One Barwuschel (JOYI) Sz\u00fclet\u00e9si d\u00e1tum: 2023 01.24. Sz\u00edn: Rot-weiss Qualifikation: 3x HPJ, HJCH, 5xCAC, 3x Res. CACIB , 2xBOB, 2xBOS Pedigree &nbsp;\" \/>\n<meta property=\"og:url\" content=\"https:\/\/golden-roses.hu\/de\/rude\/\" \/>\n<meta property=\"og:site_name\" content=\"Golden Roses\" \/>\n<meta property=\"article:modified_time\" content=\"2025-10-13T08:14:32+00:00\" \/>\n<meta property=\"og:image\" content=\"https:\/\/golden-roses.hu\/files\/received_2268537146870301-1-380x506.jpeg\" \/>\n<meta name=\"twitter:card\" content=\"summary_large_image\" \/>\n<meta name=\"twitter:label1\" content=\"Gesch\u00e4tzte Lesezeit\" \/>\n\t<meta name=\"twitter:data1\" content=\"1\u00a0Minute\" \/>\n<script type=\"application\/ld+json\" class=\"yoast-schema-graph\">{\"@context\":\"https:\/\/schema.org\",\"@graph\":[{\"@type\":\"WebPage\",\"@id\":\"https:\/\/golden-roses.hu\/de\/rude\/\",\"url\":\"https:\/\/golden-roses.hu\/de\/rude\/\",\"name\":\"R\u00fcde - Golden Roses\",\"isPartOf\":{\"@id\":\"https:\/\/golden-roses.hu\/de\/#website\"},\"datePublished\":\"2023-02-24T12:15:48+00:00\",\"dateModified\":\"2025-10-13T08:14:32+00:00\",\"breadcrumb\":{\"@id\":\"https:\/\/golden-roses.hu\/de\/rude\/#breadcrumb\"},\"inLanguage\":\"de\",\"potentialAction\":[{\"@type\":\"ReadAction\",\"target\":[\"https:\/\/golden-roses.hu\/de\/rude\/\"]}]},{\"@type\":\"BreadcrumbList\",\"@id\":\"https:\/\/golden-roses.hu\/de\/rude\/#breadcrumb\",\"itemListElement\":[{\"@type\":\"ListItem\",\"position\":1,\"name\":\"Home\",\"item\":\"https:\/\/golden-roses.hu\/de\/\"},{\"@type\":\"ListItem\",\"position\":2,\"name\":\"R\u00fcde\"}]},{\"@type\":\"WebSite\",\"@id\":\"https:\/\/golden-roses.hu\/de\/#website\",\"url\":\"https:\/\/golden-roses.hu\/de\/\",\"name\":\"Golden Roses\",\"description\":\"\",\"potentialAction\":[{\"@type\":\"SearchAction\",\"target\":{\"@type\":\"EntryPoint\",\"urlTemplate\":\"https:\/\/golden-roses.hu\/de\/?s={search_term_string}\"},\"query-input\":{\"@type\":\"PropertyValueSpecification\",\"valueRequired\":true,\"valueName\":\"search_term_string\"}}],\"inLanguage\":\"de\"}]}<\/script>\n<!-- \/ Yoast SEO plugin. -->","yoast_head_json":{"title":"R\u00fcde - Golden Roses","robots":{"index":"index","follow":"follow","max-snippet":"max-snippet:-1","max-image-preview":"max-image-preview:large","max-video-preview":"max-video-preview:-1"},"canonical":"https:\/\/golden-roses.hu\/de\/rude\/","og_locale":"de_DE","og_type":"article","og_title":"R\u00fcde - Golden Roses","og_description":"Dante Shining Star In The Sky Geburtsdatum: 2021 05.30 Farbe: fekete-feh\u00e9r Patella 0\/0 , Eyes clear Qualifikation: 2x HPJ ,CAC Pedigree Jo The Funy One Barwuschel (JOYI) Sz\u00fclet\u00e9si d\u00e1tum: 2023 01.24. Sz\u00edn: Rot-weiss Qualifikation: 3x HPJ, HJCH, 5xCAC, 3x Res. CACIB , 2xBOB, 2xBOS Pedigree &nbsp;","og_url":"https:\/\/golden-roses.hu\/de\/rude\/","og_site_name":"Golden Roses","article_modified_time":"2025-10-13T08:14:32+00:00","og_image":[{"url":"https:\/\/golden-roses.hu\/files\/received_2268537146870301-1-380x506.jpeg","type":"","width":"","height":""}],"twitter_card":"summary_large_image","twitter_misc":{"Gesch\u00e4tzte Lesezeit":"1\u00a0Minute"},"schema":{"@context":"https:\/\/schema.org","@graph":[{"@type":"WebPage","@id":"https:\/\/golden-roses.hu\/de\/rude\/","url":"https:\/\/golden-roses.hu\/de\/rude\/","name":"R\u00fcde - Golden Roses","isPartOf":{"@id":"https:\/\/golden-roses.hu\/de\/#website"},"datePublished":"2023-02-24T12:15:48+00:00","dateModified":"2025-10-13T08:14:32+00:00","breadcrumb":{"@id":"https:\/\/golden-roses.hu\/de\/rude\/#breadcrumb"},"inLanguage":"de","potentialAction":[{"@type":"ReadAction","target":["https:\/\/golden-roses.hu\/de\/rude\/"]}]},{"@type":"BreadcrumbList","@id":"https:\/\/golden-roses.hu\/de\/rude\/#breadcrumb","itemListElement":[{"@type":"ListItem","position":1,"name":"Home","item":"https:\/\/golden-roses.hu\/de\/"},{"@type":"ListItem","position":2,"name":"R\u00fcde"}]},{"@type":"WebSite","@id":"https:\/\/golden-roses.hu\/de\/#website","url":"https:\/\/golden-roses.hu\/de\/","name":"Golden Roses","description":"","potentialAction":[{"@type":"SearchAction","target":{"@type":"EntryPoint","urlTemplate":"https:\/\/golden-roses.hu\/de\/?s={search_term_string}"},"query-input":{"@type":"PropertyValueSpecification","valueRequired":true,"valueName":"search_term_string"}}],"inLanguage":"de"}]}},"_links":{"self":[{"href":"https:\/\/golden-roses.hu\/de\/wp-json\/wp\/v2\/pages\/1258","targetHints":{"allow":["GET"]}}],"collection":[{"href":"https:\/\/golden-roses.hu\/de\/wp-json\/wp\/v2\/pages"}],"about":[{"href":"https:\/\/golden-roses.hu\/de\/wp-json\/wp\/v2\/types\/page"}],"author":[{"embeddable":true,"href":"https:\/\/golden-roses.hu\/de\/wp-json\/wp\/v2\/users\/1"}],"replies":[{"embeddable":true,"href":"https:\/\/golden-roses.hu\/de\/wp-json\/wp\/v2\/comments?post=1258"}],"version-history":[{"count":0,"href":"https:\/\/golden-roses.hu\/de\/wp-json\/wp\/v2\/pages\/1258\/revisions"}],"wp:attachment":[{"href":"https:\/\/golden-roses.hu\/de\/wp-json\/wp\/v2\/media?parent=1258"}],"wp:term":[{"taxonomy":"category","embeddable":true,"href":"https:\/\/golden-roses.hu\/de\/wp-json\/wp\/v2\/categories?post=1258"}],"curies":[{"name":"wp","href":"https:\/\/api.w.org\/{rel}","templated":true}]}}