{"id":1256,"date":"2023-02-24T13:15:48","date_gmt":"2023-02-24T12:15:48","guid":{"rendered":"https:\/\/golden-roses.hu\/?page_id=1256"},"modified":"2025-10-13T10:14:00","modified_gmt":"2025-10-13T08:14:00","slug":"males","status":"publish","type":"page","link":"https:\/\/golden-roses.hu\/en\/males\/","title":{"rendered":"Males"},"content":{"rendered":"<h1>Dante Shining Star In The Sky<\/h1>\n<p><strong>Date of birth:<\/strong> 30.05.2021<br \/>\n<strong>Color:<\/strong> black-white<br \/>\nPatella 0\/0 , Eyes clear<br \/>\n<strong>Qualifications:<\/strong> 2x HPJ ,CAC<br \/>\n<a href=\"http:\/\/www.havanesegallery.hu\/pedigree_en.php?id=53158\" target=\"_blank\" rel=\"noopener\">Pedigree<\/a><\/p>\n<hr \/>\n<div class=\"gallery-imgs row\">\n            <div class=\"gallery-item col-sm-6 col-md-4 col-lg-3\">\n                    <a href=\"https:\/\/golden-roses.hu\/files\/received_2268537146870301-1.jpeg\">\n                        <img decoding=\"async\" src=\"https:\/\/golden-roses.hu\/files\/received_2268537146870301-1-380x506.jpeg\" alt=\"\" class=\"img-fluid\">\n                    <\/a>\n            <\/div>\n            <div class=\"gallery-item col-sm-6 col-md-4 col-lg-3\">\n                    <a href=\"https:\/\/golden-roses.hu\/files\/received_686122550285594-1.jpg\">\n                        <img decoding=\"async\" src=\"https:\/\/golden-roses.hu\/files\/received_686122550285594-1-380x506.jpg\" alt=\"\" class=\"img-fluid\">\n                    <\/a>\n            <\/div>\n            <div class=\"gallery-item col-sm-6 col-md-4 col-lg-3\">\n                    <a href=\"https:\/\/golden-roses.hu\/files\/20220928_180150.jpg\">\n                        <img decoding=\"async\" src=\"https:\/\/golden-roses.hu\/files\/20220928_180150-380x506.jpg\" alt=\"Dante Shining Star In The Sky\" class=\"img-fluid\">\n                    <\/a>\n            <\/div>\n            <div class=\"gallery-item col-sm-6 col-md-4 col-lg-3\">\n                    <a href=\"https:\/\/golden-roses.hu\/files\/20220912_100812.jpg\">\n                        <img decoding=\"async\" src=\"https:\/\/golden-roses.hu\/files\/20220912_100812-380x506.jpg\" alt=\"Dante Shining Star In The Sky\" class=\"img-fluid\">\n                    <\/a>\n            <\/div>\n            <div class=\"gallery-item col-sm-6 col-md-4 col-lg-3\">\n                    <a href=\"https:\/\/golden-roses.hu\/files\/20220505_121534.jpg\">\n                        <img decoding=\"async\" src=\"https:\/\/golden-roses.hu\/files\/20220505_121534-380x506.jpg\" alt=\"Dante Shining Star In The Sky\" class=\"img-fluid\">\n                    <\/a>\n            <\/div>\n            <div class=\"gallery-item col-sm-6 col-md-4 col-lg-3\">\n                    <a href=\"https:\/\/golden-roses.hu\/files\/20230303_092026-1500.jpg\">\n                        <img decoding=\"async\" src=\"https:\/\/golden-roses.hu\/files\/20230303_092026-1500-380x506.jpg\" alt=\"\" class=\"img-fluid\">\n                    <\/a>\n            <\/div>\n            <div class=\"gallery-item col-sm-6 col-md-4 col-lg-3\">\n                    <a href=\"https:\/\/golden-roses.hu\/files\/20211215_093549.jpg\">\n                        <img decoding=\"async\" src=\"https:\/\/golden-roses.hu\/files\/20211215_093549-380x506.jpg\" alt=\"Dante Shining Star In The Sky\" class=\"img-fluid\">\n                    <\/a>\n            <\/div>\n            <div class=\"gallery-item col-sm-6 col-md-4 col-lg-3\">\n                    <a href=\"https:\/\/golden-roses.hu\/files\/20220124_180811.jpg\">\n                        <img decoding=\"async\" src=\"https:\/\/golden-roses.hu\/files\/20220124_180811-380x506.jpg\" alt=\"Dante Shining Star In The Sky\" class=\"img-fluid\">\n                    <\/a>\n            <\/div>\n            <div class=\"gallery-item col-sm-6 col-md-4 col-lg-3\">\n                    <a href=\"https:\/\/golden-roses.hu\/files\/20220124_184621.jpg\">\n                        <img decoding=\"async\" src=\"https:\/\/golden-roses.hu\/files\/20220124_184621-380x506.jpg\" alt=\"Dante Shining Star In The Sky\" class=\"img-fluid\">\n                    <\/a>\n            <\/div>\n            <div class=\"gallery-item col-sm-6 col-md-4 col-lg-3\">\n                    <a href=\"https:\/\/golden-roses.hu\/files\/20220124_184836.jpg\">\n                        <img decoding=\"async\" src=\"https:\/\/golden-roses.hu\/files\/20220124_184836-380x506.jpg\" alt=\"Dante Shining Star In The Sky\" class=\"img-fluid\">\n                    <\/a>\n            <\/div>\n            <div class=\"gallery-item col-sm-6 col-md-4 col-lg-3\">\n                    <a href=\"https:\/\/golden-roses.hu\/files\/20220313_092102.jpg\">\n                        <img decoding=\"async\" src=\"https:\/\/golden-roses.hu\/files\/20220313_092102-380x506.jpg\" alt=\"Dante Shining Star In The Sky\" class=\"img-fluid\">\n                    <\/a>\n            <\/div>\n            <div class=\"gallery-item col-sm-6 col-md-4 col-lg-3\">\n                    <a href=\"https:\/\/golden-roses.hu\/files\/20220505_111632-rotated.jpg\">\n                        <img decoding=\"async\" src=\"https:\/\/golden-roses.hu\/files\/20220505_111632-rotated-380x506.jpg\" alt=\"Dante Shining Star In The Sky\" class=\"img-fluid\">\n                    <\/a>\n            <\/div><div class=\"gallery-number\"><span class=\"gallery-link\">whole gallery  (12 pictures)<\/span><\/div><\/div>\n<h1>Jo The Funy One Barwuschel (JOYI)<\/h1>\n<p><strong>Sz\u00fclet\u00e9si d\u00e1tum:<\/strong> 24.01.2023<br \/>\n<strong>Sz\u00edn:<\/strong> red-white<br \/>\n<strong>Qualifications:<\/strong> 3x HPJ, HJCH, 5xCAC, 3x Res. CACIB , 2xBOB, 2xBOS<br \/>\n<a href=\"http:\/\/www.havanesegallery.hu\/pedigree.php?id=56000\" target=\"_blank\" rel=\"noopener\">Pedigree<\/a><\/p>\n<hr \/>\n<div class=\"gallery-imgs row\">\n            <div class=\"gallery-item col-sm-6 col-md-4 col-lg-3\">\n                    <a href=\"https:\/\/golden-roses.hu\/files\/20231201_101201.jpg\">\n                        <img decoding=\"async\" src=\"https:\/\/golden-roses.hu\/files\/20231201_101201-380x506.jpg\" alt=\"\" class=\"img-fluid\">\n                    <\/a>\n            <\/div>\n            <div class=\"gallery-item col-sm-6 col-md-4 col-lg-3\">\n                    <a href=\"https:\/\/golden-roses.hu\/files\/20240101_162825.jpg\">\n                        <img decoding=\"async\" src=\"https:\/\/golden-roses.hu\/files\/20240101_162825-380x506.jpg\" alt=\"\" class=\"img-fluid\">\n                    <\/a>\n            <\/div>\n            <div class=\"gallery-item col-sm-6 col-md-4 col-lg-3\">\n                    <a href=\"https:\/\/golden-roses.hu\/files\/20240101_162415.jpg\">\n                        <img decoding=\"async\" src=\"https:\/\/golden-roses.hu\/files\/20240101_162415-380x506.jpg\" alt=\"\" class=\"img-fluid\">\n                    <\/a>\n            <\/div><div class=\"gallery-number\"><span class=\"gallery-link\">whole gallery  (3 pictures)<\/span><\/div><\/div>\n","protected":false},"excerpt":{"rendered":"<p>Dante Shining Star In The Sky Date of birth: 30.05.2021 Color: black-white Patella 0\/0 , Eyes clear Qualifications: 2x HPJ ,CAC Pedigree Jo The Funy One Barwuschel (JOYI) Sz\u00fclet\u00e9si d\u00e1tum: 24.01.2023 Sz\u00edn: red-white Qualifications: 3x HPJ, HJCH, 5xCAC, 3x Res. CACIB , 2xBOB, 2xBOS Pedigree<\/p>\n","protected":false},"author":1,"featured_media":0,"parent":0,"menu_order":0,"comment_status":"closed","ping_status":"closed","template":"","meta":{"footnotes":""},"categories":[],"class_list":["post-1256","page","type-page","status-publish","hentry"],"yoast_head":"<!-- This site is optimized with the Yoast SEO plugin v26.7 - https:\/\/yoast.com\/wordpress\/plugins\/seo\/ -->\n<title>Males - Golden Roses<\/title>\n<meta name=\"robots\" content=\"index, follow, max-snippet:-1, max-image-preview:large, max-video-preview:-1\" \/>\n<link rel=\"canonical\" href=\"https:\/\/golden-roses.hu\/en\/males\/\" \/>\n<meta property=\"og:locale\" content=\"en_US\" \/>\n<meta property=\"og:type\" content=\"article\" \/>\n<meta property=\"og:title\" content=\"Males - Golden Roses\" \/>\n<meta property=\"og:description\" content=\"Dante Shining Star In The Sky Date of birth: 30.05.2021 Color: black-white Patella 0\/0 , Eyes clear Qualifications: 2x HPJ ,CAC Pedigree Jo The Funy One Barwuschel (JOYI) Sz\u00fclet\u00e9si d\u00e1tum: 24.01.2023 Sz\u00edn: red-white Qualifications: 3x HPJ, HJCH, 5xCAC, 3x Res. CACIB , 2xBOB, 2xBOS Pedigree\" \/>\n<meta property=\"og:url\" content=\"https:\/\/golden-roses.hu\/en\/males\/\" \/>\n<meta property=\"og:site_name\" content=\"Golden Roses\" \/>\n<meta property=\"article:modified_time\" content=\"2025-10-13T08:14:00+00:00\" \/>\n<meta property=\"og:image\" content=\"https:\/\/golden-roses.hu\/files\/received_2268537146870301-1-380x506.jpeg\" \/>\n<meta name=\"twitter:card\" content=\"summary_large_image\" \/>\n<meta name=\"twitter:label1\" content=\"Est. reading time\" \/>\n\t<meta name=\"twitter:data1\" content=\"1 minute\" \/>\n<script type=\"application\/ld+json\" class=\"yoast-schema-graph\">{\"@context\":\"https:\/\/schema.org\",\"@graph\":[{\"@type\":\"WebPage\",\"@id\":\"https:\/\/golden-roses.hu\/en\/males\/\",\"url\":\"https:\/\/golden-roses.hu\/en\/males\/\",\"name\":\"Males - Golden Roses\",\"isPartOf\":{\"@id\":\"https:\/\/golden-roses.hu\/en\/#website\"},\"datePublished\":\"2023-02-24T12:15:48+00:00\",\"dateModified\":\"2025-10-13T08:14:00+00:00\",\"breadcrumb\":{\"@id\":\"https:\/\/golden-roses.hu\/en\/males\/#breadcrumb\"},\"inLanguage\":\"en-US\",\"potentialAction\":[{\"@type\":\"ReadAction\",\"target\":[\"https:\/\/golden-roses.hu\/en\/males\/\"]}]},{\"@type\":\"BreadcrumbList\",\"@id\":\"https:\/\/golden-roses.hu\/en\/males\/#breadcrumb\",\"itemListElement\":[{\"@type\":\"ListItem\",\"position\":1,\"name\":\"Home\",\"item\":\"https:\/\/golden-roses.hu\/en\/\"},{\"@type\":\"ListItem\",\"position\":2,\"name\":\"Males\"}]},{\"@type\":\"WebSite\",\"@id\":\"https:\/\/golden-roses.hu\/en\/#website\",\"url\":\"https:\/\/golden-roses.hu\/en\/\",\"name\":\"Golden Roses\",\"description\":\"\",\"potentialAction\":[{\"@type\":\"SearchAction\",\"target\":{\"@type\":\"EntryPoint\",\"urlTemplate\":\"https:\/\/golden-roses.hu\/en\/?s={search_term_string}\"},\"query-input\":{\"@type\":\"PropertyValueSpecification\",\"valueRequired\":true,\"valueName\":\"search_term_string\"}}],\"inLanguage\":\"en-US\"}]}<\/script>\n<!-- \/ Yoast SEO plugin. -->","yoast_head_json":{"title":"Males - Golden Roses","robots":{"index":"index","follow":"follow","max-snippet":"max-snippet:-1","max-image-preview":"max-image-preview:large","max-video-preview":"max-video-preview:-1"},"canonical":"https:\/\/golden-roses.hu\/en\/males\/","og_locale":"en_US","og_type":"article","og_title":"Males - Golden Roses","og_description":"Dante Shining Star In The Sky Date of birth: 30.05.2021 Color: black-white Patella 0\/0 , Eyes clear Qualifications: 2x HPJ ,CAC Pedigree Jo The Funy One Barwuschel (JOYI) Sz\u00fclet\u00e9si d\u00e1tum: 24.01.2023 Sz\u00edn: red-white Qualifications: 3x HPJ, HJCH, 5xCAC, 3x Res. CACIB , 2xBOB, 2xBOS Pedigree","og_url":"https:\/\/golden-roses.hu\/en\/males\/","og_site_name":"Golden Roses","article_modified_time":"2025-10-13T08:14:00+00:00","og_image":[{"url":"https:\/\/golden-roses.hu\/files\/received_2268537146870301-1-380x506.jpeg","type":"","width":"","height":""}],"twitter_card":"summary_large_image","twitter_misc":{"Est. reading time":"1 minute"},"schema":{"@context":"https:\/\/schema.org","@graph":[{"@type":"WebPage","@id":"https:\/\/golden-roses.hu\/en\/males\/","url":"https:\/\/golden-roses.hu\/en\/males\/","name":"Males - Golden Roses","isPartOf":{"@id":"https:\/\/golden-roses.hu\/en\/#website"},"datePublished":"2023-02-24T12:15:48+00:00","dateModified":"2025-10-13T08:14:00+00:00","breadcrumb":{"@id":"https:\/\/golden-roses.hu\/en\/males\/#breadcrumb"},"inLanguage":"en-US","potentialAction":[{"@type":"ReadAction","target":["https:\/\/golden-roses.hu\/en\/males\/"]}]},{"@type":"BreadcrumbList","@id":"https:\/\/golden-roses.hu\/en\/males\/#breadcrumb","itemListElement":[{"@type":"ListItem","position":1,"name":"Home","item":"https:\/\/golden-roses.hu\/en\/"},{"@type":"ListItem","position":2,"name":"Males"}]},{"@type":"WebSite","@id":"https:\/\/golden-roses.hu\/en\/#website","url":"https:\/\/golden-roses.hu\/en\/","name":"Golden Roses","description":"","potentialAction":[{"@type":"SearchAction","target":{"@type":"EntryPoint","urlTemplate":"https:\/\/golden-roses.hu\/en\/?s={search_term_string}"},"query-input":{"@type":"PropertyValueSpecification","valueRequired":true,"valueName":"search_term_string"}}],"inLanguage":"en-US"}]}},"_links":{"self":[{"href":"https:\/\/golden-roses.hu\/en\/wp-json\/wp\/v2\/pages\/1256","targetHints":{"allow":["GET"]}}],"collection":[{"href":"https:\/\/golden-roses.hu\/en\/wp-json\/wp\/v2\/pages"}],"about":[{"href":"https:\/\/golden-roses.hu\/en\/wp-json\/wp\/v2\/types\/page"}],"author":[{"embeddable":true,"href":"https:\/\/golden-roses.hu\/en\/wp-json\/wp\/v2\/users\/1"}],"replies":[{"embeddable":true,"href":"https:\/\/golden-roses.hu\/en\/wp-json\/wp\/v2\/comments?post=1256"}],"version-history":[{"count":0,"href":"https:\/\/golden-roses.hu\/en\/wp-json\/wp\/v2\/pages\/1256\/revisions"}],"wp:attachment":[{"href":"https:\/\/golden-roses.hu\/en\/wp-json\/wp\/v2\/media?parent=1256"}],"wp:term":[{"taxonomy":"category","embeddable":true,"href":"https:\/\/golden-roses.hu\/en\/wp-json\/wp\/v2\/categories?post=1256"}],"curies":[{"name":"wp","href":"https:\/\/api.w.org\/{rel}","templated":true}]}}