{"id":1277,"date":"2022-12-06T10:51:11","date_gmt":"2022-12-06T09:51:11","guid":{"rendered":"https:\/\/golden-roses.hu\/?page_id=1277"},"modified":"2023-03-28T17:36:28","modified_gmt":"2023-03-28T15:36:28","slug":"litter-v","status":"publish","type":"page","link":"https:\/\/golden-roses.hu\/en\/puppies\/litter-v\/","title":{"rendered":"Litter V"},"content":{"rendered":"<h1 class=\"parents\">Oyumi &amp; Dante<br \/>\n<strong>(06.12.2022)<\/strong><\/h1>\n<p>&nbsp;<\/p>\n<h2>V\u00e9da<\/h2>\n<hr \/>\n<div class=\"gallery-imgs row\">\n            <div class=\"gallery-item col-sm-6 col-md-4 col-lg-3\">\n                    <a href=\"https:\/\/golden-roses.hu\/files\/20221210_192616.jpg\">\n                        <img decoding=\"async\" src=\"https:\/\/golden-roses.hu\/files\/20221210_192616-380x506.jpg\" alt=\"\" class=\"img-fluid\">\n                    <\/a>\n            <\/div>\n            <div class=\"gallery-item col-sm-6 col-md-4 col-lg-3\">\n                    <a href=\"https:\/\/golden-roses.hu\/files\/20230107_124108-rotated.jpg\">\n                        <img decoding=\"async\" src=\"https:\/\/golden-roses.hu\/files\/20230107_124108-rotated-380x506.jpg\" alt=\"\" class=\"img-fluid\">\n                    <\/a>\n            <\/div>\n            <div class=\"gallery-item col-sm-6 col-md-4 col-lg-3\">\n                    <a href=\"https:\/\/golden-roses.hu\/files\/20230107_195114.jpg\">\n                        <img decoding=\"async\" src=\"https:\/\/golden-roses.hu\/files\/20230107_195114-380x506.jpg\" alt=\"\" class=\"img-fluid\">\n                    <\/a>\n            <\/div>\n            <div class=\"gallery-item col-sm-6 col-md-4 col-lg-3\">\n                    <a href=\"https:\/\/golden-roses.hu\/files\/20230107_195114_1.jpg\">\n                        <img decoding=\"async\" src=\"https:\/\/golden-roses.hu\/files\/20230107_195114_1-380x506.jpg\" alt=\"\" class=\"img-fluid\">\n                    <\/a>\n            <\/div>\n            <div class=\"gallery-item col-sm-6 col-md-4 col-lg-3\">\n                    <a href=\"https:\/\/golden-roses.hu\/files\/20230115_165731.jpg\">\n                        <img decoding=\"async\" src=\"https:\/\/golden-roses.hu\/files\/20230115_165731-380x506.jpg\" alt=\"\" class=\"img-fluid\">\n                    <\/a>\n            <\/div>\n            <div class=\"gallery-item col-sm-6 col-md-4 col-lg-3\">\n                    <a href=\"https:\/\/golden-roses.hu\/files\/20230120_222921.jpg\">\n                        <img decoding=\"async\" src=\"https:\/\/golden-roses.hu\/files\/20230120_222921-380x506.jpg\" alt=\"\" class=\"img-fluid\">\n                    <\/a>\n            <\/div>\n            <div class=\"gallery-item col-sm-6 col-md-4 col-lg-3\">\n                    <a href=\"https:\/\/golden-roses.hu\/files\/20230207_190147.jpg\">\n                        <img decoding=\"async\" src=\"https:\/\/golden-roses.hu\/files\/20230207_190147-380x506.jpg\" alt=\"\" class=\"img-fluid\">\n                    <\/a>\n            <\/div>\n            <div class=\"gallery-item col-sm-6 col-md-4 col-lg-3\">\n                    <a href=\"https:\/\/golden-roses.hu\/files\/20230207_190257.jpg\">\n                        <img decoding=\"async\" src=\"https:\/\/golden-roses.hu\/files\/20230207_190257-380x506.jpg\" alt=\"\" class=\"img-fluid\">\n                    <\/a>\n            <\/div>\n            <div class=\"gallery-item col-sm-6 col-md-4 col-lg-3\">\n                    <a href=\"https:\/\/golden-roses.hu\/files\/334534376_2597688460381563_7768590191393392956_n.jpg\">\n                        <img decoding=\"async\" src=\"https:\/\/golden-roses.hu\/files\/334534376_2597688460381563_7768590191393392956_n-380x506.jpg\" alt=\"\" class=\"img-fluid\">\n                    <\/a>\n            <\/div>\n            <div class=\"gallery-item col-sm-6 col-md-4 col-lg-3\">\n                    <a href=\"https:\/\/golden-roses.hu\/files\/20230326_200436.jpg\">\n                        <img decoding=\"async\" src=\"https:\/\/golden-roses.hu\/files\/20230326_200436-380x506.jpg\" alt=\"\" class=\"img-fluid\">\n                    <\/a>\n            <\/div>\n            <div class=\"gallery-item col-sm-6 col-md-4 col-lg-3\">\n                    <a href=\"https:\/\/golden-roses.hu\/files\/received_795588832237053.jpeg\">\n                        <img decoding=\"async\" src=\"https:\/\/golden-roses.hu\/files\/received_795588832237053-380x506.jpeg\" alt=\"\" class=\"img-fluid\">\n                    <\/a>\n            <\/div>\n            <div class=\"gallery-item col-sm-6 col-md-4 col-lg-3\">\n                    <a href=\"https:\/\/golden-roses.hu\/files\/334232619_126491180280126_2190339638660739682_n.jpg\">\n                        <img decoding=\"async\" src=\"https:\/\/golden-roses.hu\/files\/334232619_126491180280126_2190339638660739682_n-380x506.jpg\" alt=\"\" class=\"img-fluid\">\n                    <\/a>\n            <\/div><div class=\"gallery-number\"><span class=\"gallery-link\">whole gallery  (12 pictures)<\/span><\/div><\/div>\n<h2>Vikt\u00f3ria<\/h2>\n<hr \/>\n<div class=\"gallery-imgs row\">\n            <div class=\"gallery-item col-sm-6 col-md-4 col-lg-3\">\n                    <a href=\"https:\/\/golden-roses.hu\/files\/20221210_195239.jpg\">\n                        <img decoding=\"async\" src=\"https:\/\/golden-roses.hu\/files\/20221210_195239-380x506.jpg\" alt=\"Vikt\u00f3ria\" class=\"img-fluid\">\n                    <\/a>\n            <\/div>\n            <div class=\"gallery-item col-sm-6 col-md-4 col-lg-3\">\n                    <a href=\"https:\/\/golden-roses.hu\/files\/20221210_195300.jpg\">\n                        <img decoding=\"async\" src=\"https:\/\/golden-roses.hu\/files\/20221210_195300-380x506.jpg\" alt=\"Vikt\u00f3ria\" class=\"img-fluid\">\n                    <\/a>\n            <\/div>\n            <div class=\"gallery-item col-sm-6 col-md-4 col-lg-3\">\n                    <a href=\"https:\/\/golden-roses.hu\/files\/20221219_194557.jpg\">\n                        <img decoding=\"async\" src=\"https:\/\/golden-roses.hu\/files\/20221219_194557-380x506.jpg\" alt=\"Vikt\u00f3ria\" class=\"img-fluid\">\n                    <\/a>\n            <\/div>\n            <div class=\"gallery-item col-sm-6 col-md-4 col-lg-3\">\n                    <a href=\"https:\/\/golden-roses.hu\/files\/20230106_171947-rotated.jpg\">\n                        <img decoding=\"async\" src=\"https:\/\/golden-roses.hu\/files\/20230106_171947-rotated-380x506.jpg\" alt=\"Vikt\u00f3ria\" class=\"img-fluid\">\n                    <\/a>\n            <\/div>\n            <div class=\"gallery-item col-sm-6 col-md-4 col-lg-3\">\n                    <a href=\"https:\/\/golden-roses.hu\/files\/20230106_172525-rotated.jpg\">\n                        <img decoding=\"async\" src=\"https:\/\/golden-roses.hu\/files\/20230106_172525-rotated-380x506.jpg\" alt=\"Vikt\u00f3ria\" class=\"img-fluid\">\n                    <\/a>\n            <\/div>\n            <div class=\"gallery-item col-sm-6 col-md-4 col-lg-3\">\n                    <a href=\"https:\/\/golden-roses.hu\/files\/20230107_124556-rotated.jpg\">\n                        <img decoding=\"async\" src=\"https:\/\/golden-roses.hu\/files\/20230107_124556-rotated-380x506.jpg\" alt=\"Vikt\u00f3ria\" class=\"img-fluid\">\n                    <\/a>\n            <\/div>\n            <div class=\"gallery-item col-sm-6 col-md-4 col-lg-3\">\n                    <a href=\"https:\/\/golden-roses.hu\/files\/20230107_124645-rotated.jpg\">\n                        <img decoding=\"async\" src=\"https:\/\/golden-roses.hu\/files\/20230107_124645-rotated-380x506.jpg\" alt=\"Vikt\u00f3ria\" class=\"img-fluid\">\n                    <\/a>\n            <\/div>\n            <div class=\"gallery-item col-sm-6 col-md-4 col-lg-3\">\n                    <a href=\"https:\/\/golden-roses.hu\/files\/20230121_153509.jpg\">\n                        <img decoding=\"async\" src=\"https:\/\/golden-roses.hu\/files\/20230121_153509-380x506.jpg\" alt=\"Vikt\u00f3ria\" class=\"img-fluid\">\n                    <\/a>\n            <\/div>\n            <div class=\"gallery-item col-sm-6 col-md-4 col-lg-3\">\n                    <a href=\"https:\/\/golden-roses.hu\/files\/20230207_193746.jpg\">\n                        <img decoding=\"async\" src=\"https:\/\/golden-roses.hu\/files\/20230207_193746-380x506.jpg\" alt=\"Vikt\u00f3ria\" class=\"img-fluid\">\n                    <\/a>\n            <\/div>\n            <div class=\"gallery-item col-sm-6 col-md-4 col-lg-3\">\n                    <a href=\"https:\/\/golden-roses.hu\/files\/20230208_121750.jpg\">\n                        <img decoding=\"async\" src=\"https:\/\/golden-roses.hu\/files\/20230208_121750-380x506.jpg\" alt=\"Vikt\u00f3ria\" class=\"img-fluid\">\n                    <\/a>\n            <\/div><div class=\"gallery-number\"><span class=\"gallery-link\">whole gallery  (10 pictures)<\/span><\/div><\/div>\n<h2>V\u00edt\u00f3<\/h2>\n<hr \/>\n<div class=\"gallery-imgs row\">\n            <div class=\"gallery-item col-sm-6 col-md-4 col-lg-3\">\n                    <a href=\"https:\/\/golden-roses.hu\/files\/20221210_195021.jpg\">\n                        <img decoding=\"async\" src=\"https:\/\/golden-roses.hu\/files\/20221210_195021-380x506.jpg\" alt=\"\" class=\"img-fluid\">\n                    <\/a>\n            <\/div>\n            <div class=\"gallery-item col-sm-6 col-md-4 col-lg-3\">\n                    <a href=\"https:\/\/golden-roses.hu\/files\/20230207_191034.jpg\">\n                        <img decoding=\"async\" src=\"https:\/\/golden-roses.hu\/files\/20230207_191034-380x506.jpg\" alt=\"\" class=\"img-fluid\">\n                    <\/a>\n            <\/div>\n            <div class=\"gallery-item col-sm-6 col-md-4 col-lg-3\">\n                    <a href=\"https:\/\/golden-roses.hu\/files\/20230207_203510.jpg\">\n                        <img decoding=\"async\" src=\"https:\/\/golden-roses.hu\/files\/20230207_203510-380x506.jpg\" alt=\"\" class=\"img-fluid\">\n                    <\/a>\n            <\/div>\n            <div class=\"gallery-item col-sm-6 col-md-4 col-lg-3\">\n                    <a href=\"https:\/\/golden-roses.hu\/files\/20230107_125248-rotated.jpg\">\n                        <img decoding=\"async\" src=\"https:\/\/golden-roses.hu\/files\/20230107_125248-rotated-380x506.jpg\" alt=\"\" class=\"img-fluid\">\n                    <\/a>\n            <\/div>\n            <div class=\"gallery-item col-sm-6 col-md-4 col-lg-3\">\n                    <a href=\"https:\/\/golden-roses.hu\/files\/20230121_153724-rotated.jpg\">\n                        <img decoding=\"async\" src=\"https:\/\/golden-roses.hu\/files\/20230121_153724-rotated-380x506.jpg\" alt=\"\" class=\"img-fluid\">\n                    <\/a>\n            <\/div>\n            <div class=\"gallery-item col-sm-6 col-md-4 col-lg-3\">\n                    <a href=\"https:\/\/golden-roses.hu\/files\/20230121_154222-rotated.jpg\">\n                        <img decoding=\"async\" src=\"https:\/\/golden-roses.hu\/files\/20230121_154222-rotated-380x506.jpg\" alt=\"\" class=\"img-fluid\">\n                    <\/a>\n            <\/div>\n            <div class=\"gallery-item col-sm-6 col-md-4 col-lg-3\">\n                    <a href=\"https:\/\/golden-roses.hu\/files\/334469046_226142076617154_5441176890380813533_n.jpg\">\n                        <img decoding=\"async\" src=\"https:\/\/golden-roses.hu\/files\/334469046_226142076617154_5441176890380813533_n-380x506.jpg\" alt=\"\" class=\"img-fluid\">\n                    <\/a>\n            <\/div><div class=\"gallery-number\"><span class=\"gallery-link\">whole gallery  (7 pictures)<\/span><\/div><\/div>\n<h2>Vulk\u00e1n<\/h2>\n<hr \/>\n<div class=\"gallery-imgs row\">\n            <div class=\"gallery-item col-sm-6 col-md-4 col-lg-3\">\n                    <a href=\"https:\/\/golden-roses.hu\/files\/20221210_195118.jpg\">\n                        <img decoding=\"async\" src=\"https:\/\/golden-roses.hu\/files\/20221210_195118-380x506.jpg\" alt=\"\" class=\"img-fluid\">\n                    <\/a>\n            <\/div>\n            <div class=\"gallery-item col-sm-6 col-md-4 col-lg-3\">\n                    <a href=\"https:\/\/golden-roses.hu\/files\/20221222_115813.jpg\">\n                        <img decoding=\"async\" src=\"https:\/\/golden-roses.hu\/files\/20221222_115813-380x506.jpg\" alt=\"\" class=\"img-fluid\">\n                    <\/a>\n            <\/div>\n            <div class=\"gallery-item col-sm-6 col-md-4 col-lg-3\">\n                    <a href=\"https:\/\/golden-roses.hu\/files\/20230107_124324-rotated.jpg\">\n                        <img decoding=\"async\" src=\"https:\/\/golden-roses.hu\/files\/20230107_124324-rotated-380x506.jpg\" alt=\"\" class=\"img-fluid\">\n                    <\/a>\n            <\/div>\n            <div class=\"gallery-item col-sm-6 col-md-4 col-lg-3\">\n                    <a href=\"https:\/\/golden-roses.hu\/files\/20230107_124459-rotated.jpg\">\n                        <img decoding=\"async\" src=\"https:\/\/golden-roses.hu\/files\/20230107_124459-rotated-380x506.jpg\" alt=\"\" class=\"img-fluid\">\n                    <\/a>\n            <\/div>\n            <div class=\"gallery-item col-sm-6 col-md-4 col-lg-3\">\n                    <a href=\"https:\/\/golden-roses.hu\/files\/20230120_224254.jpg\">\n                        <img decoding=\"async\" src=\"https:\/\/golden-roses.hu\/files\/20230120_224254-380x506.jpg\" alt=\"\" class=\"img-fluid\">\n                    <\/a>\n            <\/div>\n            <div class=\"gallery-item col-sm-6 col-md-4 col-lg-3\">\n                    <a href=\"https:\/\/golden-roses.hu\/files\/20230207_202817.jpg\">\n                        <img decoding=\"async\" src=\"https:\/\/golden-roses.hu\/files\/20230207_202817-380x506.jpg\" alt=\"\" class=\"img-fluid\">\n                    <\/a>\n            <\/div>\n            <div class=\"gallery-item col-sm-6 col-md-4 col-lg-3\">\n                    <a href=\"https:\/\/golden-roses.hu\/files\/received_545563877387537.jpeg\">\n                        <img decoding=\"async\" src=\"https:\/\/golden-roses.hu\/files\/received_545563877387537-380x506.jpeg\" alt=\"\" class=\"img-fluid\">\n                    <\/a>\n            <\/div>\n            <div class=\"gallery-item col-sm-6 col-md-4 col-lg-3\">\n                    <a href=\"https:\/\/golden-roses.hu\/files\/received_713021400545883.jpeg\">\n                        <img decoding=\"async\" src=\"https:\/\/golden-roses.hu\/files\/received_713021400545883-380x506.jpeg\" alt=\"\" class=\"img-fluid\">\n                    <\/a>\n            <\/div>\n            <div class=\"gallery-item col-sm-6 col-md-4 col-lg-3\">\n                    <a href=\"https:\/\/golden-roses.hu\/files\/received_714287093731841.jpeg\">\n                        <img decoding=\"async\" src=\"https:\/\/golden-roses.hu\/files\/received_714287093731841-380x506.jpeg\" alt=\"\" class=\"img-fluid\">\n                    <\/a>\n            <\/div>\n            <div class=\"gallery-item col-sm-6 col-md-4 col-lg-3\">\n                    <a href=\"https:\/\/golden-roses.hu\/files\/334287432_782284476802440_184391837372029607_n-1.jpg\">\n                        <img decoding=\"async\" src=\"https:\/\/golden-roses.hu\/files\/334287432_782284476802440_184391837372029607_n-1-380x506.jpg\" alt=\"\" class=\"img-fluid\">\n                    <\/a>\n            <\/div><div class=\"gallery-number\"><span class=\"gallery-link\">whole gallery  (10 pictures)<\/span><\/div><\/div>\n","protected":false},"excerpt":{"rendered":"<p>Oyumi &amp; Dante (06.12.2022) &nbsp; V\u00e9da Vikt\u00f3ria V\u00edt\u00f3 Vulk\u00e1n<\/p>\n","protected":false},"author":1,"featured_media":1013,"parent":1246,"menu_order":0,"comment_status":"closed","ping_status":"closed","template":"","meta":{"footnotes":""},"categories":[],"class_list":["post-1277","page","type-page","status-publish","has-post-thumbnail","hentry"],"yoast_head":"<!-- This site is optimized with the Yoast SEO plugin v26.7 - https:\/\/yoast.com\/wordpress\/plugins\/seo\/ -->\n<title>Litter V - Golden Roses<\/title>\n<meta name=\"robots\" content=\"index, follow, max-snippet:-1, max-image-preview:large, max-video-preview:-1\" \/>\n<link rel=\"canonical\" href=\"https:\/\/golden-roses.hu\/en\/puppies\/litter-v\/\" \/>\n<meta property=\"og:locale\" content=\"en_US\" \/>\n<meta property=\"og:type\" content=\"article\" \/>\n<meta property=\"og:title\" content=\"Litter V - Golden Roses\" \/>\n<meta property=\"og:description\" content=\"Oyumi &amp; Dante (06.12.2022) &nbsp; V\u00e9da Vikt\u00f3ria V\u00edt\u00f3 Vulk\u00e1n\" \/>\n<meta property=\"og:url\" content=\"https:\/\/golden-roses.hu\/en\/puppies\/litter-v\/\" \/>\n<meta property=\"og:site_name\" content=\"Golden Roses\" \/>\n<meta property=\"article:modified_time\" content=\"2023-03-28T15:36:28+00:00\" \/>\n<meta property=\"og:image\" content=\"https:\/\/golden-roses.hu\/files\/20230121_125757-1500.jpg\" \/>\n\t<meta property=\"og:image:width\" content=\"1164\" \/>\n\t<meta property=\"og:image:height\" content=\"1000\" \/>\n\t<meta property=\"og:image:type\" content=\"image\/jpeg\" \/>\n<meta name=\"twitter:card\" content=\"summary_large_image\" \/>\n<meta name=\"twitter:label1\" content=\"Est. reading time\" \/>\n\t<meta name=\"twitter:data1\" content=\"1 minute\" \/>\n<script type=\"application\/ld+json\" class=\"yoast-schema-graph\">{\"@context\":\"https:\/\/schema.org\",\"@graph\":[{\"@type\":\"WebPage\",\"@id\":\"https:\/\/golden-roses.hu\/en\/puppies\/litter-v\/\",\"url\":\"https:\/\/golden-roses.hu\/en\/puppies\/litter-v\/\",\"name\":\"Litter V - Golden Roses\",\"isPartOf\":{\"@id\":\"https:\/\/golden-roses.hu\/en\/#website\"},\"primaryImageOfPage\":{\"@id\":\"https:\/\/golden-roses.hu\/en\/puppies\/litter-v\/#primaryimage\"},\"image\":{\"@id\":\"https:\/\/golden-roses.hu\/en\/puppies\/litter-v\/#primaryimage\"},\"thumbnailUrl\":\"https:\/\/golden-roses.hu\/files\/20230121_125757-1500.jpg\",\"datePublished\":\"2022-12-06T09:51:11+00:00\",\"dateModified\":\"2023-03-28T15:36:28+00:00\",\"breadcrumb\":{\"@id\":\"https:\/\/golden-roses.hu\/en\/puppies\/litter-v\/#breadcrumb\"},\"inLanguage\":\"en-US\",\"potentialAction\":[{\"@type\":\"ReadAction\",\"target\":[\"https:\/\/golden-roses.hu\/en\/puppies\/litter-v\/\"]}]},{\"@type\":\"ImageObject\",\"inLanguage\":\"en-US\",\"@id\":\"https:\/\/golden-roses.hu\/en\/puppies\/litter-v\/#primaryimage\",\"url\":\"https:\/\/golden-roses.hu\/files\/20230121_125757-1500.jpg\",\"contentUrl\":\"https:\/\/golden-roses.hu\/files\/20230121_125757-1500.jpg\",\"width\":1164,\"height\":1000},{\"@type\":\"BreadcrumbList\",\"@id\":\"https:\/\/golden-roses.hu\/en\/puppies\/litter-v\/#breadcrumb\",\"itemListElement\":[{\"@type\":\"ListItem\",\"position\":1,\"name\":\"Home\",\"item\":\"https:\/\/golden-roses.hu\/en\/\"},{\"@type\":\"ListItem\",\"position\":2,\"name\":\"Puppies\",\"item\":\"https:\/\/golden-roses.hu\/en\/puppies\/\"},{\"@type\":\"ListItem\",\"position\":3,\"name\":\"Litter V\"}]},{\"@type\":\"WebSite\",\"@id\":\"https:\/\/golden-roses.hu\/en\/#website\",\"url\":\"https:\/\/golden-roses.hu\/en\/\",\"name\":\"Golden Roses\",\"description\":\"\",\"potentialAction\":[{\"@type\":\"SearchAction\",\"target\":{\"@type\":\"EntryPoint\",\"urlTemplate\":\"https:\/\/golden-roses.hu\/en\/?s={search_term_string}\"},\"query-input\":{\"@type\":\"PropertyValueSpecification\",\"valueRequired\":true,\"valueName\":\"search_term_string\"}}],\"inLanguage\":\"en-US\"}]}<\/script>\n<!-- \/ Yoast SEO plugin. -->","yoast_head_json":{"title":"Litter V - Golden Roses","robots":{"index":"index","follow":"follow","max-snippet":"max-snippet:-1","max-image-preview":"max-image-preview:large","max-video-preview":"max-video-preview:-1"},"canonical":"https:\/\/golden-roses.hu\/en\/puppies\/litter-v\/","og_locale":"en_US","og_type":"article","og_title":"Litter V - Golden Roses","og_description":"Oyumi &amp; Dante (06.12.2022) &nbsp; V\u00e9da Vikt\u00f3ria V\u00edt\u00f3 Vulk\u00e1n","og_url":"https:\/\/golden-roses.hu\/en\/puppies\/litter-v\/","og_site_name":"Golden Roses","article_modified_time":"2023-03-28T15:36:28+00:00","og_image":[{"width":1164,"height":1000,"url":"https:\/\/golden-roses.hu\/files\/20230121_125757-1500.jpg","type":"image\/jpeg"}],"twitter_card":"summary_large_image","twitter_misc":{"Est. reading time":"1 minute"},"schema":{"@context":"https:\/\/schema.org","@graph":[{"@type":"WebPage","@id":"https:\/\/golden-roses.hu\/en\/puppies\/litter-v\/","url":"https:\/\/golden-roses.hu\/en\/puppies\/litter-v\/","name":"Litter V - Golden Roses","isPartOf":{"@id":"https:\/\/golden-roses.hu\/en\/#website"},"primaryImageOfPage":{"@id":"https:\/\/golden-roses.hu\/en\/puppies\/litter-v\/#primaryimage"},"image":{"@id":"https:\/\/golden-roses.hu\/en\/puppies\/litter-v\/#primaryimage"},"thumbnailUrl":"https:\/\/golden-roses.hu\/files\/20230121_125757-1500.jpg","datePublished":"2022-12-06T09:51:11+00:00","dateModified":"2023-03-28T15:36:28+00:00","breadcrumb":{"@id":"https:\/\/golden-roses.hu\/en\/puppies\/litter-v\/#breadcrumb"},"inLanguage":"en-US","potentialAction":[{"@type":"ReadAction","target":["https:\/\/golden-roses.hu\/en\/puppies\/litter-v\/"]}]},{"@type":"ImageObject","inLanguage":"en-US","@id":"https:\/\/golden-roses.hu\/en\/puppies\/litter-v\/#primaryimage","url":"https:\/\/golden-roses.hu\/files\/20230121_125757-1500.jpg","contentUrl":"https:\/\/golden-roses.hu\/files\/20230121_125757-1500.jpg","width":1164,"height":1000},{"@type":"BreadcrumbList","@id":"https:\/\/golden-roses.hu\/en\/puppies\/litter-v\/#breadcrumb","itemListElement":[{"@type":"ListItem","position":1,"name":"Home","item":"https:\/\/golden-roses.hu\/en\/"},{"@type":"ListItem","position":2,"name":"Puppies","item":"https:\/\/golden-roses.hu\/en\/puppies\/"},{"@type":"ListItem","position":3,"name":"Litter V"}]},{"@type":"WebSite","@id":"https:\/\/golden-roses.hu\/en\/#website","url":"https:\/\/golden-roses.hu\/en\/","name":"Golden Roses","description":"","potentialAction":[{"@type":"SearchAction","target":{"@type":"EntryPoint","urlTemplate":"https:\/\/golden-roses.hu\/en\/?s={search_term_string}"},"query-input":{"@type":"PropertyValueSpecification","valueRequired":true,"valueName":"search_term_string"}}],"inLanguage":"en-US"}]}},"_links":{"self":[{"href":"https:\/\/golden-roses.hu\/en\/wp-json\/wp\/v2\/pages\/1277","targetHints":{"allow":["GET"]}}],"collection":[{"href":"https:\/\/golden-roses.hu\/en\/wp-json\/wp\/v2\/pages"}],"about":[{"href":"https:\/\/golden-roses.hu\/en\/wp-json\/wp\/v2\/types\/page"}],"author":[{"embeddable":true,"href":"https:\/\/golden-roses.hu\/en\/wp-json\/wp\/v2\/users\/1"}],"replies":[{"embeddable":true,"href":"https:\/\/golden-roses.hu\/en\/wp-json\/wp\/v2\/comments?post=1277"}],"version-history":[{"count":0,"href":"https:\/\/golden-roses.hu\/en\/wp-json\/wp\/v2\/pages\/1277\/revisions"}],"up":[{"embeddable":true,"href":"https:\/\/golden-roses.hu\/en\/wp-json\/wp\/v2\/pages\/1246"}],"wp:featuredmedia":[{"embeddable":true,"href":"https:\/\/golden-roses.hu\/en\/wp-json\/wp\/v2\/media\/1013"}],"wp:attachment":[{"href":"https:\/\/golden-roses.hu\/en\/wp-json\/wp\/v2\/media?parent=1277"}],"wp:term":[{"taxonomy":"category","embeddable":true,"href":"https:\/\/golden-roses.hu\/en\/wp-json\/wp\/v2\/categories?post=1277"}],"curies":[{"name":"wp","href":"https:\/\/api.w.org\/{rel}","templated":true}]}}